{"id":12,"date":"2026-04-04T10:28:45","date_gmt":"2026-04-04T10:28:45","guid":{"rendered":"https:\/\/fiolimpo.com\/?page_id=12"},"modified":"2026-04-04T10:28:45","modified_gmt":"2026-04-04T10:28:45","slug":"servicos","status":"publish","type":"page","link":"https:\/\/fiolimpo.com\/?page_id=12","title":{"rendered":"Servi\u00e7os"},"content":{"rendered":"\n<p style=\"font-size:clamp(14px, 0.875rem + ((1vw - 3.2px) * 0.196), 16px);\">Servi\u00e7os da Fio Limpo Servi\u00e7os El\u00e9tricos<\/p>\n\n\n\n<p style=\"font-size:clamp(14px, 0.875rem + ((1vw - 3.2px) * 0.196), 16px);\"><br>A Fio Limpo Servi\u00e7os El\u00e9tricos oferece diversos servi\u00e7os na \u00e1rea de eletricidade e infraestrutura el\u00e9trica, com qualidade, seguran\u00e7a e profissionalismo.<\/p>\n\n\n\n<p class=\"is-style-text-subtitle is-style-text-subtitle--1\" style=\"font-size:clamp(14px, 0.875rem + ((1vw - 3.2px) * 0.196), 16px);\"><br><strong>Nossos principais servi\u00e7os<\/strong><br>\u26a1 Montagem de linhas el\u00e9tricas de baixa tens\u00e3o<br>\u26a1 Montagem de linhas el\u00e9tricas de m\u00e9dia tens\u00e3o<br>\u26a1 Montagem e instala\u00e7\u00e3o de transformadores<br>\u26a1 Instala\u00e7\u00e3o de infraestruturas el\u00e9tricas<br>\u26a1 Instala\u00e7\u00f5es el\u00e9tricas industriais<br>\u26a1 Instala\u00e7\u00f5es el\u00e9tricas comerciais<br>\u26a1 Instala\u00e7\u00f5es el\u00e9tricas residenciais<br>\u2600\ufe0f Instala\u00e7\u00e3o de sistemas de energia solar (pain\u00e9is solares)<br>\u26a1 Manuten\u00e7\u00e3o e repara\u00e7\u00e3o de redes el\u00e9tricas<\/p>\n","protected":false},"excerpt":{"rendered":"<p>Servi\u00e7os da Fio Limpo Servi\u00e7os El\u00e9tricos A Fio Limpo Servi\u00e7os El\u00e9tricos oferece diversos servi\u00e7os na \u00e1rea de eletricidade e infraestrutura el\u00e9trica, com qualidade, seguran\u00e7a e profissionalismo. Nossos principais servi\u00e7os\u26a1 Montagem de linhas el\u00e9tricas de baixa tens\u00e3o\u26a1 Montagem de linhas el\u00e9tricas de m\u00e9dia tens\u00e3o\u26a1 Montagem e instala\u00e7\u00e3o de transformadores\u26a1 Instala\u00e7\u00e3o de infraestruturas el\u00e9tricas\u26a1 Instala\u00e7\u00f5es el\u00e9tricas industriais\u26a1 [&hellip;]<\/p>\n","protected":false},"author":1,"featured_media":0,"parent":0,"menu_order":0,"comment_status":"closed","ping_status":"closed","template":"","meta":{"footnotes":""},"class_list":["post-12","page","type-page","status-publish","hentry"],"_links":{"self":[{"href":"https:\/\/fiolimpo.com\/index.php?rest_route=\/wp\/v2\/pages\/12","targetHints":{"allow":["GET"]}}],"collection":[{"href":"https:\/\/fiolimpo.com\/index.php?rest_route=\/wp\/v2\/pages"}],"about":[{"href":"https:\/\/fiolimpo.com\/index.php?rest_route=\/wp\/v2\/types\/page"}],"author":[{"embeddable":true,"href":"https:\/\/fiolimpo.com\/index.php?rest_route=\/wp\/v2\/users\/1"}],"replies":[{"embeddable":true,"href":"https:\/\/fiolimpo.com\/index.php?rest_route=%2Fwp%2Fv2%2Fcomments&post=12"}],"version-history":[{"count":1,"href":"https:\/\/fiolimpo.com\/index.php?rest_route=\/wp\/v2\/pages\/12\/revisions"}],"predecessor-version":[{"id":13,"href":"https:\/\/fiolimpo.com\/index.php?rest_route=\/wp\/v2\/pages\/12\/revisions\/13"}],"wp:attachment":[{"href":"https:\/\/fiolimpo.com\/index.php?rest_route=%2Fwp%2Fv2%2Fmedia&parent=12"}],"curies":[{"name":"wp","href":"https:\/\/api.w.org\/{rel}","templated":true}]}}