{"id":14,"date":"2026-04-04T11:00:33","date_gmt":"2026-04-04T11:00:33","guid":{"rendered":"https:\/\/fiolimpo.com\/?page_id=14"},"modified":"2026-04-04T11:02:25","modified_gmt":"2026-04-04T11:02:25","slug":"sobre-a-empresa","status":"publish","type":"page","link":"https:\/\/fiolimpo.com\/?page_id=14","title":{"rendered":"Sobre a Empresa"},"content":{"rendered":"\n<p style=\"font-size:clamp(14px, 0.875rem + ((1vw - 3.2px) * 0.196), 16px);\">Sobre a Fio Limpo Servi\u00e7os El\u00e9tricos<\/p>\n\n\n\n<p style=\"font-size:clamp(14px, 0.875rem + ((1vw - 3.2px) * 0.196), 16px);\"><br>A Fio Limpo Servi\u00e7os El\u00e9tricos \u00e9 uma empresa especializada em solu\u00e7\u00f5es el\u00e9tricas e infraestrutura energ\u00e9tica, com experi\u00eancia na montagem de linhas el\u00e9tricas de baixa e m\u00e9dia tens\u00e3o, instala\u00e7\u00e3o de infraestruturas el\u00e9tricas e sistemas de energia solar.<br>A empresa atua em projetos para ind\u00fastrias, estabelecimentos comerciais e resid\u00eancias, oferecendo tamb\u00e9m servi\u00e7os de manuten\u00e7\u00e3o el\u00e9trica, montagem de transformadores e repara\u00e7\u00e3o de sistemas el\u00e9tricos.<\/p>\n\n\n\n<p style=\"font-size:clamp(14px, 0.875rem + ((1vw - 3.2px) * 0.196), 16px);\"><br>Al\u00e9m disso, a Fio Limpo Servi\u00e7os El\u00e9tricos tamb\u00e9m realiza desenho e elabora\u00e7\u00e3o de projetos el\u00e9tricos, planejando sistemas el\u00e9tricos seguros e eficientes para diferentes tipos de instala\u00e7\u00f5es.<\/p>\n\n\n\n<p style=\"font-size:clamp(14px, 0.875rem + ((1vw - 3.2px) * 0.196), 16px);\"><br>Nosso objetivo \u00e9 garantir servi\u00e7os com qualidade, seguran\u00e7a e efici\u00eancia, seguindo boas pr\u00e1ticas t\u00e9cnicas e normas de seguran\u00e7a.<br>Tamb\u00e9m trabalhamos em parceria com fornecedores e lojas de material el\u00e9trico, garantindo materiais de qualidade para a execu\u00e7\u00e3o de projetos el\u00e9tricos.<\/p>\n\n\n\n<p style=\"font-size:clamp(14px, 0.875rem + ((1vw - 3.2px) * 0.196), 16px);\"><br><strong>Miss\u00e3o<\/strong><\/p>\n\n\n\n<p style=\"font-size:clamp(14px, 0.875rem + ((1vw - 3.2px) * 0.196), 16px);\"><br>Oferecer solu\u00e7\u00f5es el\u00e9tricas seguras, eficientes e profissionais, contribuindo para o desenvolvimento de infraestruturas energ\u00e9ticas confi\u00e1veis.<\/p>\n\n\n\n<p style=\"font-size:clamp(14px, 0.875rem + ((1vw - 3.2px) * 0.196), 16px);\"><br><strong>Vis\u00e3o<\/strong><\/p>\n\n\n\n<p style=\"font-size:clamp(14px, 0.875rem + ((1vw - 3.2px) * 0.196), 16px);\"><br>Ser reconhecida como uma empresa de refer\u00eancia na \u00e1rea de servi\u00e7os el\u00e9tricos, infraestrutura energ\u00e9tica e desenvolvimento de projetos el\u00e9tricos.<\/p>\n\n\n\n<p style=\"font-size:clamp(14px, 0.875rem + ((1vw - 3.2px) * 0.196), 16px);\"><br><strong>Valores<\/strong><\/p>\n\n\n\n<p style=\"font-size:clamp(14px, 0.875rem + ((1vw - 3.2px) * 0.196), 16px);\"><br>\u2714 Seguran\u00e7a<br>\u2714 Qualidade<br>\u2714 Profissionalismo<br> \u2714 Responsabilidade<br>\u2714 Compromisso com o cliente<\/p>\n","protected":false},"excerpt":{"rendered":"<p>Sobre a Fio Limpo Servi\u00e7os El\u00e9tricos A Fio Limpo Servi\u00e7os El\u00e9tricos \u00e9 uma empresa especializada em solu\u00e7\u00f5es el\u00e9tricas e infraestrutura energ\u00e9tica, com experi\u00eancia na montagem de linhas el\u00e9tricas de baixa e m\u00e9dia tens\u00e3o, instala\u00e7\u00e3o de infraestruturas el\u00e9tricas e sistemas de energia solar.A empresa atua em projetos para ind\u00fastrias, estabelecimentos comerciais e resid\u00eancias, oferecendo tamb\u00e9m servi\u00e7os [&hellip;]<\/p>\n","protected":false},"author":1,"featured_media":0,"parent":0,"menu_order":0,"comment_status":"closed","ping_status":"closed","template":"","meta":{"footnotes":""},"class_list":["post-14","page","type-page","status-publish","hentry"],"_links":{"self":[{"href":"https:\/\/fiolimpo.com\/index.php?rest_route=\/wp\/v2\/pages\/14","targetHints":{"allow":["GET"]}}],"collection":[{"href":"https:\/\/fiolimpo.com\/index.php?rest_route=\/wp\/v2\/pages"}],"about":[{"href":"https:\/\/fiolimpo.com\/index.php?rest_route=\/wp\/v2\/types\/page"}],"author":[{"embeddable":true,"href":"https:\/\/fiolimpo.com\/index.php?rest_route=\/wp\/v2\/users\/1"}],"replies":[{"embeddable":true,"href":"https:\/\/fiolimpo.com\/index.php?rest_route=%2Fwp%2Fv2%2Fcomments&post=14"}],"version-history":[{"count":2,"href":"https:\/\/fiolimpo.com\/index.php?rest_route=\/wp\/v2\/pages\/14\/revisions"}],"predecessor-version":[{"id":16,"href":"https:\/\/fiolimpo.com\/index.php?rest_route=\/wp\/v2\/pages\/14\/revisions\/16"}],"wp:attachment":[{"href":"https:\/\/fiolimpo.com\/index.php?rest_route=%2Fwp%2Fv2%2Fmedia&parent=14"}],"curies":[{"name":"wp","href":"https:\/\/api.w.org\/{rel}","templated":true}]}}