{"id":18,"date":"2026-04-04T13:07:29","date_gmt":"2026-04-04T13:07:29","guid":{"rendered":"https:\/\/fiolimpo.com\/?page_id=18"},"modified":"2026-04-04T16:28:26","modified_gmt":"2026-04-04T16:28:26","slug":"contato","status":"publish","type":"page","link":"https:\/\/fiolimpo.com\/?page_id=18","title":{"rendered":"Contato"},"content":{"rendered":"\n<p>Contato<\/p>\n\n\n\n<p style=\"font-size:clamp(14px, 0.875rem + ((1vw - 3.2px) * 0.196), 16px);\">Se voc\u00ea precisa de servi\u00e7os profissionais de eletricidade, entre em contato com a Fio Limpo Servi\u00e7os El\u00e9tricos. Estamos prontos para atender projetos el\u00e9tricos com qualidade, seguran\u00e7a e efici\u00eancia.   <\/p>\n\n\n\n<p style=\"font-size:clamp(14px, 0.875rem + ((1vw - 3.2px) * 0.196), 16px);\"><strong> Emails de contacto<\/strong><\/p>\n\n\n\n<p style=\"font-size:clamp(14px, 0.875rem + ((1vw - 3.2px) * 0.196), 16px);\">                                                                                                                                                                                                                        \ud83d\udce7 info@fiolimpo.com<br>\ud83d\udce7 orcamento@fiolimpo.com<br>\ud83d\udce7 suporte@fiolimpo.com<\/p>\n\n\n\n<p style=\"font-size:clamp(14px, 0.875rem + ((1vw - 3.2px) * 0.196), 16px);\">Telefone\/Whatsapp<\/p>\n\n\n\n<p style=\"font-size:clamp(14px, 0.875rem + ((1vw - 3.2px) * 0.196), 16px);\">+258870706540<\/p>\n\n\n\n<p style=\"font-size:clamp(14px, 0.875rem + ((1vw - 3.2px) * 0.196), 16px);\">+258873423192<\/p>\n\n\n\n<p style=\"font-size:clamp(14px, 0.875rem + ((1vw - 3.2px) * 0.196), 16px);\"><a href=\"https:\/\/wa.me\/message\/MTB7VKIKURIEO1\">https:\/\/wa.me\/message\/MTB7VKIKURIEO1<\/a><\/p>\n","protected":false},"excerpt":{"rendered":"<p>Contato Se voc\u00ea precisa de servi\u00e7os profissionais de eletricidade, entre em contato com a Fio Limpo Servi\u00e7os El\u00e9tricos. Estamos prontos para atender projetos el\u00e9tricos com qualidade, seguran\u00e7a e efici\u00eancia. Emails de contacto \ud83d\udce7 info@fiolimpo.com\ud83d\udce7 orcamento@fiolimpo.com\ud83d\udce7 suporte@fiolimpo.com Telefone\/Whatsapp +258870706540 +258873423192 https:\/\/wa.me\/message\/MTB7VKIKURIEO1<\/p>\n","protected":false},"author":1,"featured_media":0,"parent":0,"menu_order":0,"comment_status":"closed","ping_status":"closed","template":"","meta":{"footnotes":""},"class_list":["post-18","page","type-page","status-publish","hentry"],"_links":{"self":[{"href":"https:\/\/fiolimpo.com\/index.php?rest_route=\/wp\/v2\/pages\/18","targetHints":{"allow":["GET"]}}],"collection":[{"href":"https:\/\/fiolimpo.com\/index.php?rest_route=\/wp\/v2\/pages"}],"about":[{"href":"https:\/\/fiolimpo.com\/index.php?rest_route=\/wp\/v2\/types\/page"}],"author":[{"embeddable":true,"href":"https:\/\/fiolimpo.com\/index.php?rest_route=\/wp\/v2\/users\/1"}],"replies":[{"embeddable":true,"href":"https:\/\/fiolimpo.com\/index.php?rest_route=%2Fwp%2Fv2%2Fcomments&post=18"}],"version-history":[{"count":3,"href":"https:\/\/fiolimpo.com\/index.php?rest_route=\/wp\/v2\/pages\/18\/revisions"}],"predecessor-version":[{"id":21,"href":"https:\/\/fiolimpo.com\/index.php?rest_route=\/wp\/v2\/pages\/18\/revisions\/21"}],"wp:attachment":[{"href":"https:\/\/fiolimpo.com\/index.php?rest_route=%2Fwp%2Fv2%2Fmedia&parent=18"}],"curies":[{"name":"wp","href":"https:\/\/api.w.org\/{rel}","templated":true}]}}