{"id":30,"date":"2026-04-05T05:06:57","date_gmt":"2026-04-05T05:06:57","guid":{"rendered":"https:\/\/fiolimpo.com\/?page_id=30"},"modified":"2026-04-05T05:06:57","modified_gmt":"2026-04-05T05:06:57","slug":"loja","status":"publish","type":"page","link":"https:\/\/fiolimpo.com\/?page_id=30","title":{"rendered":"Loja"},"content":{"rendered":"\n<p style=\"font-size:clamp(14px, 0.875rem + ((1vw - 3.2px) * 0.196), 16px);\">Bem-vindo \u00e0 loja da Fio Limpo Servi\u00e7os El\u00e9tricos.<br>Aqui voc\u00ea encontrar\u00e1 materiais el\u00e9tricos, equipamentos e solu\u00e7\u00f5es para instala\u00e7\u00f5es el\u00e9tricas e energia solar.<\/p>\n\n\n\n<p><\/p>\n","protected":false},"excerpt":{"rendered":"<p>Bem-vindo \u00e0 loja da Fio Limpo Servi\u00e7os El\u00e9tricos.Aqui voc\u00ea encontrar\u00e1 materiais el\u00e9tricos, equipamentos e solu\u00e7\u00f5es para instala\u00e7\u00f5es el\u00e9tricas e energia solar.<\/p>\n","protected":false},"author":1,"featured_media":0,"parent":0,"menu_order":0,"comment_status":"closed","ping_status":"closed","template":"","meta":{"footnotes":""},"class_list":["post-30","page","type-page","status-publish","hentry"],"_links":{"self":[{"href":"https:\/\/fiolimpo.com\/index.php?rest_route=\/wp\/v2\/pages\/30","targetHints":{"allow":["GET"]}}],"collection":[{"href":"https:\/\/fiolimpo.com\/index.php?rest_route=\/wp\/v2\/pages"}],"about":[{"href":"https:\/\/fiolimpo.com\/index.php?rest_route=\/wp\/v2\/types\/page"}],"author":[{"embeddable":true,"href":"https:\/\/fiolimpo.com\/index.php?rest_route=\/wp\/v2\/users\/1"}],"replies":[{"embeddable":true,"href":"https:\/\/fiolimpo.com\/index.php?rest_route=%2Fwp%2Fv2%2Fcomments&post=30"}],"version-history":[{"count":1,"href":"https:\/\/fiolimpo.com\/index.php?rest_route=\/wp\/v2\/pages\/30\/revisions"}],"predecessor-version":[{"id":31,"href":"https:\/\/fiolimpo.com\/index.php?rest_route=\/wp\/v2\/pages\/30\/revisions\/31"}],"wp:attachment":[{"href":"https:\/\/fiolimpo.com\/index.php?rest_route=%2Fwp%2Fv2%2Fmedia&parent=30"}],"curies":[{"name":"wp","href":"https:\/\/api.w.org\/{rel}","templated":true}]}}